{"id":3,"date":"2021-04-05T02:45:34","date_gmt":"2021-04-05T02:45:34","guid":{"rendered":"https:\/\/qualitytimemovers.com\/?page_id=3"},"modified":"2024-04-07T15:57:28","modified_gmt":"2024-04-07T15:57:28","slug":"privacy-policy","status":"publish","type":"page","link":"https:\/\/qualitytimemovers.com\/fr\/privacy-policy\/","title":{"rendered":"Politique de confidentialit\u00e9"},"content":{"rendered":"<div data-elementor-type=\"wp-page\" data-elementor-id=\"3\" class=\"elementor elementor-3\" data-elementor-post-type=\"page\">\n\t\t\t\t\t\t<section class=\"elementor-section elementor-top-section elementor-element elementor-element-4878ce12 elementor-section-full_width elementor-section-stretched elementor-section-height-default elementor-section-height-default\" data-id=\"4878ce12\" data-element_type=\"section\" data-e-type=\"section\" data-settings=\"{&quot;stretch_section&quot;:&quot;section-stretched&quot;,&quot;background_background&quot;:&quot;classic&quot;}\">\n\t\t\t\t\t\t<div class=\"elementor-container elementor-column-gap-default\">\n\t\t\t\t\t<div class=\"elementor-column elementor-col-100 elementor-top-column elementor-element elementor-element-4c426987\" data-id=\"4c426987\" data-element_type=\"column\" data-e-type=\"column\">\n\t\t\t<div class=\"elementor-widget-wrap elementor-element-populated\">\n\t\t\t\t\t\t<div class=\"elementor-element elementor-element-1af2a4b7 elementor-widget elementor-widget-text-editor\" data-id=\"1af2a4b7\" data-element_type=\"widget\" data-e-type=\"widget\" data-widget_type=\"text-editor.default\">\n\t\t\t\t<div class=\"elementor-widget-container\">\n\t\t\t\t\t\t\t\t\t<p><\/p>\n<h2 class=\"wp-block-heading\">En utilisant ce site, vous acceptez cette politique de confidentialit\u00e9.<\/h2>\n<h2>Qui nous sommes<\/h2>\n<p>\n\n<\/p>\n<p>L'adresse de notre site Web est: https:\/\/qualitytimemovers.com.<\/p>\n<p>\n\n<\/p>\n<h2 class=\"wp-block-heading\">Commentaires<\/h2>\n<p>\n\n<\/p>\n<p>Lorsque les visiteurs laissent des commentaires sur le site, nous collectons les donn\u00e9es affich\u00e9es dans le formulaire de commentaires, ainsi que l'adresse IP du visiteur et la cha\u00eene de l'agent utilisateur du navigateur pour aider \u00e0 la d\u00e9tection du spam.<\/p>\n<p>\n\n<\/p>\n<p>Une cha\u00eene anonyme cr\u00e9\u00e9e \u00e0 partir de votre adresse e-mail (\u00e9galement appel\u00e9e hachage) peut \u00eatre fournie au service Gravatar pour voir si vous l'utilisez. La politique de confidentialit\u00e9 du service Gravatar est disponible ici: https:\/\/automattic.com\/privacy\/. Apr\u00e8s approbation de votre commentaire, votre photo de profil est visible par le public dans le contexte de votre commentaire.<\/p>\n<p>\n\n<\/p>\n<h2 class=\"wp-block-heading\">M\u00e9dia<\/h2>\n<p>\n\n<\/p>\n<p>Si vous t\u00e9l\u00e9chargez des images sur le site Web, vous devez \u00e9viter de t\u00e9l\u00e9charger des images avec des donn\u00e9es de localisation int\u00e9gr\u00e9es (EXIF GPS) incluses. Les visiteurs du site Web peuvent t\u00e9l\u00e9charger et extraire toutes les donn\u00e9es de localisation des images du site Web.<\/p>\n<h2>Responsability<\/h2>\n<p>We are responsible for the personal information collected from our users. In order to properly control the information processed, stored and used.<br \/>QUALITY TIME MOVERS<br \/>Address: 744 Versailles Street, Montreal, QC H3C 1Z4<br \/>Telephone: 514 817 6964<br \/>Designated contact:<br \/>Jennifer Grousset &#8211; \u00a0Marketing\u00a0<\/p>\n<h2>DISCLOSURE AND STORAGE OF YOUR PERSONAL INFORMATION<\/h2>\n<p>We will not sell, rent, or otherwise dispose of your personal information to third parties, except as provided for in this Privacy Policy or individually agreed to in a separate agreement.<\/p>\n<p>Any complaints, questions or issues of which we become aware that violate this Privacy Policy will be treated confidentially. However, certain disclosures may be necessary to resolve issues and implement appropriate solutions.<\/p>\n<p>We retain Personal Information that we collect from you when our business is ongoing and we need to do so, for example, to provide you with a service you have requested or to comply with applicable legal, tax or accounting requirements. We keep your Personal Information in a form that allows us to identify you for as long as necessary to fulfill the purposes for which we process your data and do not store your data for any longer unless we need to comply with applicable laws.<\/p>\n<p>Personal information that is no longer necessary to fulfill the identified purposes will be destroyed, erased or made anonymous.<\/p>\n<p>\n\n<\/p>\n<h2 class=\"wp-block-heading\">Cookies<\/h2>\n<p>\n\n<\/p>\n<p>Si vous laissez un commentaire sur notre site, vous pouvez choisir d'enregistrer votre nom, votre adresse e-mail et votre site Web dans les cookies. Celles-ci sont pour votre commodit\u00e9 afin que vous n'ayez pas \u00e0 remplir \u00e0 nouveau vos coordonn\u00e9es lorsque vous laissez un autre commentaire. Ces cookies dureront un an.<\/p>\n<p>\n\n<\/p>\n<p>Si vous visitez notre page de connexion, nous installerons un cookie temporaire pour d\u00e9terminer si votre navigateur accepte les cookies. Ce cookie ne contient aucune donn\u00e9e personnelle et est supprim\u00e9 lorsque vous fermez votre navigateur.<\/p>\n<p>\n\n<\/p>\n<p>Lorsque vous vous connectez, nous mettrons \u00e9galement en place plusieurs cookies pour enregistrer vos informations de connexion et vos choix d'affichage \u00e0 l'\u00e9cran. Les cookies de connexion durent deux jours et les cookies d'options d'\u00e9cran durent un an. Si vous s\u00e9lectionnez \u00abSe souvenir de moi\u00bb, votre connexion persistera pendant deux semaines. Si vous vous d\u00e9connectez de votre compte, les cookies de connexion seront supprim\u00e9s.<\/p>\n<p>\n\n<\/p>\n<p>Si vous modifiez ou publiez un article, un cookie suppl\u00e9mentaire sera enregistr\u00e9 dans votre navigateur. Ce cookie ne contient aucune donn\u00e9e personnelle et indique simplement l'ID de publication de l'article que vous venez de modifier. Il expire apr\u00e8s 1 jour.<\/p>\n<p>\n\n<\/p>\n<h2 class=\"wp-block-heading\">Contenu int\u00e9gr\u00e9 d'autres sites Web<\/h2>\n<p>\n\n<\/p>\n<p>Les articles de ce site peuvent inclure du contenu int\u00e9gr\u00e9 (par exemple des vid\u00e9os, des images, des articles, etc.). Le contenu int\u00e9gr\u00e9 d'autres sites Web se comporte exactement de la m\u00eame mani\u00e8re que si le visiteur avait visit\u00e9 l'autre site Web.<\/p>\n<p>\n\n<\/p>\n<p>Ces sites Web peuvent collecter des donn\u00e9es \u00e0 votre sujet, utiliser des cookies, int\u00e9grer un suivi tiers suppl\u00e9mentaire et surveiller votre interaction avec ce contenu int\u00e9gr\u00e9, y compris le suivi de votre interaction avec le contenu int\u00e9gr\u00e9 si vous avez un compte et \u00eates connect\u00e9 \u00e0 ce site Web.<\/p>\n<p>\n\n<\/p>\n<h2 class=\"wp-block-heading\">Avec qui partageons-nous vos donn\u00e9es<\/h2>\n<p>\n\n<\/p>\n<p>Si vous demandez une r\u00e9initialisation de mot de passe, votre adresse IP sera incluse dans l'e-mail de r\u00e9initialisation.<\/p>\n<p>\n\n<\/p>\n<h2 class=\"wp-block-heading\">Combien de temps nous conservons vos donn\u00e9es<\/h2>\n<p>\n\n<\/p>\n<p>Si vous laissez un commentaire, le commentaire et ses m\u00e9tadonn\u00e9es sont conserv\u00e9s ind\u00e9finiment. C'est ainsi que nous pouvons reconna\u00eetre et approuver automatiquement tous les commentaires de suivi au lieu de les conserver dans une file d'attente de mod\u00e9ration.<\/p>\n<p>\n\n<\/p>\n<p>Pour les utilisateurs qui s'inscrivent sur notre site Web (le cas \u00e9ch\u00e9ant), nous stockons \u00e9galement les informations personnelles qu'ils fournissent dans leur profil d'utilisateur. Tous les utilisateurs peuvent voir, modifier ou supprimer leurs informations personnelles \u00e0 tout moment (sauf qu'ils ne peuvent pas changer leur nom d'utilisateur). Les administrateurs du site Web peuvent \u00e9galement voir et modifier ces informations.<\/p>\n<p>\n\n<\/p>\n<h2 class=\"wp-block-heading\">Quels droits vous avez sur vos donn\u00e9es<\/h2>\n<p>\n\n<\/p>\n<p>Si vous avez un compte sur ce site, ou avez laiss\u00e9 des commentaires, vous pouvez demander \u00e0 recevoir un fichier export\u00e9 des donn\u00e9es personnelles que nous d\u00e9tenons \u00e0 votre sujet, y compris les donn\u00e9es que vous nous avez fournies. Vous pouvez \u00e9galement demander que nous effacions toutes les donn\u00e9es personnelles que nous d\u00e9tenons \u00e0 votre sujet. Cela n'inclut pas les donn\u00e9es que nous sommes oblig\u00e9s de conserver \u00e0 des fins administratives, juridiques ou de s\u00e9curit\u00e9.<\/p>\n<p>\n\n<\/p>\n<h2 class=\"wp-block-heading\">O\u00f9 nous envoyons vos donn\u00e9es<\/h2>\n<p>\n\n<\/p>\n<p>Les commentaires des visiteurs peuvent \u00eatre v\u00e9rifi\u00e9s via un service automatis\u00e9 de d\u00e9tection de spam.<\/p>\n<h2>Partners<\/h2>\n<div><span style=\"color: #000000;\"><a style=\"color: #000000;\" href=\"http:\/\/www.txtlinks.com\">Free Links Directory<\/a><\/span><\/div>\n<div><span style=\"color: #000000;\"><a style=\"color: #000000;\" href=\"https:\/\/viesearch.com\/\">Viesearch &#8211; Life powered search<\/a><\/span><\/div>\n<p><\/p>\t\t\t\t\t\t\t\t<\/div>\n\t\t\t\t<\/div>\n\t\t\t\t\t<\/div>\n\t\t<\/div>\n\t\t\t\t\t<\/div>\n\t\t<\/section>\n\t\t\t\t<\/div>","protected":false},"excerpt":{"rendered":"<p>By using this site, you agree to this privacy policy. Who we are Our website address is: https:\/\/qualitytimemovers.com. Comments When visitors leave [&hellip;]<\/p>\n","protected":false},"author":1,"featured_media":0,"parent":0,"menu_order":0,"comment_status":"closed","ping_status":"open","template":"","meta":{"footnotes":""},"class_list":["post-3","page","type-page","status-publish","hentry"],"yoast_head":"<!-- This site is optimized with the Yoast SEO plugin v27.3 - https:\/\/yoast.com\/product\/yoast-seo-wordpress\/ -->\n<title>Privacy Policy - Quality Time Movers<\/title>\n<meta name=\"robots\" content=\"index, follow, max-snippet:-1, max-image-preview:large, max-video-preview:-1\" \/>\n<link rel=\"canonical\" href=\"https:\/\/qualitytimemovers.com\/fr\/privacy-policy\/\" \/>\n<meta property=\"og:locale\" content=\"fr_CA\" \/>\n<meta property=\"og:type\" content=\"article\" \/>\n<meta property=\"og:title\" content=\"Privacy Policy - Quality Time Movers\" \/>\n<meta property=\"og:description\" content=\"By using this site, you agree to this privacy policy. Who we are Our website address is: https:\/\/qualitytimemovers.com. Comments When visitors leave [&hellip;]\" \/>\n<meta property=\"og:url\" content=\"https:\/\/qualitytimemovers.com\/fr\/privacy-policy\/\" \/>\n<meta property=\"og:site_name\" content=\"Quality Time Movers\" \/>\n<meta property=\"article:publisher\" content=\"https:\/\/www.facebook.com\/QtimeMovers\" \/>\n<meta property=\"article:modified_time\" content=\"2024-04-07T15:57:28+00:00\" \/>\n<meta property=\"og:image\" content=\"https:\/\/qualitytimemovers.com\/wp-content\/uploads\/2023\/06\/IMG_4082-scaled.jpg\" \/>\n\t<meta property=\"og:image:width\" content=\"2560\" \/>\n\t<meta property=\"og:image:height\" content=\"1920\" \/>\n\t<meta property=\"og:image:type\" content=\"image\/jpeg\" \/>\n<meta name=\"twitter:card\" content=\"summary_large_image\" \/>\n<meta name=\"twitter:label1\" content=\"Estimation du temps de lecture\" \/>\n\t<meta name=\"twitter:data1\" content=\"4 minutes\" \/>\n<script type=\"application\/ld+json\" class=\"yoast-schema-graph\">{\"@context\":\"https:\\\/\\\/schema.org\",\"@graph\":[{\"@type\":\"WebPage\",\"@id\":\"https:\\\/\\\/qualitytimemovers.com\\\/privacy-policy\\\/\",\"url\":\"https:\\\/\\\/qualitytimemovers.com\\\/privacy-policy\\\/\",\"name\":\"Privacy Policy - Quality Time Movers\",\"isPartOf\":{\"@id\":\"https:\\\/\\\/qualitytimemovers.com\\\/#website\"},\"datePublished\":\"2021-04-05T02:45:34+00:00\",\"dateModified\":\"2024-04-07T15:57:28+00:00\",\"breadcrumb\":{\"@id\":\"https:\\\/\\\/qualitytimemovers.com\\\/privacy-policy\\\/#breadcrumb\"},\"inLanguage\":\"fr-CA\",\"potentialAction\":[{\"@type\":\"ReadAction\",\"target\":[\"https:\\\/\\\/qualitytimemovers.com\\\/privacy-policy\\\/\"]}]},{\"@type\":\"BreadcrumbList\",\"@id\":\"https:\\\/\\\/qualitytimemovers.com\\\/privacy-policy\\\/#breadcrumb\",\"itemListElement\":[{\"@type\":\"ListItem\",\"position\":1,\"name\":\"Home\",\"item\":\"https:\\\/\\\/qualitytimemovers.com\\\/\"},{\"@type\":\"ListItem\",\"position\":2,\"name\":\"Privacy Policy\"}]},{\"@type\":\"WebSite\",\"@id\":\"https:\\\/\\\/qualitytimemovers.com\\\/#website\",\"url\":\"https:\\\/\\\/qualitytimemovers.com\\\/\",\"name\":\"Quality Time Movers\",\"description\":\"Best moving company in Montreal\",\"publisher\":{\"@id\":\"https:\\\/\\\/qualitytimemovers.com\\\/#organization\"},\"alternateName\":\"Quality Time Moving Montreal\",\"potentialAction\":[{\"@type\":\"SearchAction\",\"target\":{\"@type\":\"EntryPoint\",\"urlTemplate\":\"https:\\\/\\\/qualitytimemovers.com\\\/?s={search_term_string}\"},\"query-input\":{\"@type\":\"PropertyValueSpecification\",\"valueRequired\":true,\"valueName\":\"search_term_string\"}}],\"inLanguage\":\"fr-CA\"},{\"@type\":\"Organization\",\"@id\":\"https:\\\/\\\/qualitytimemovers.com\\\/#organization\",\"name\":\"Quality Time Movers\",\"alternateName\":\"Quality Time Movers in Montreal\",\"url\":\"https:\\\/\\\/qualitytimemovers.com\\\/\",\"logo\":{\"@type\":\"ImageObject\",\"inLanguage\":\"fr-CA\",\"@id\":\"https:\\\/\\\/qualitytimemovers.com\\\/#\\\/schema\\\/logo\\\/image\\\/\",\"url\":\"https:\\\/\\\/qualitytimemovers.com\\\/wp-content\\\/uploads\\\/2021\\\/04\\\/LOGO-QTIME.jpg\",\"contentUrl\":\"https:\\\/\\\/qualitytimemovers.com\\\/wp-content\\\/uploads\\\/2021\\\/04\\\/LOGO-QTIME.jpg\",\"width\":512,\"height\":511,\"caption\":\"Quality Time Movers\"},\"image\":{\"@id\":\"https:\\\/\\\/qualitytimemovers.com\\\/#\\\/schema\\\/logo\\\/image\\\/\"},\"sameAs\":[\"https:\\\/\\\/www.facebook.com\\\/QtimeMovers\",\"https:\\\/\\\/www.instagram.com\\\/qtimemovers\\\/?hl=en\"]}]}<\/script>\n<!-- \/ Yoast SEO plugin. -->","yoast_head_json":{"title":"Privacy Policy - Quality Time Movers","robots":{"index":"index","follow":"follow","max-snippet":"max-snippet:-1","max-image-preview":"max-image-preview:large","max-video-preview":"max-video-preview:-1"},"canonical":"https:\/\/qualitytimemovers.com\/fr\/privacy-policy\/","og_locale":"fr_CA","og_type":"article","og_title":"Privacy Policy - Quality Time Movers","og_description":"By using this site, you agree to this privacy policy. Who we are Our website address is: https:\/\/qualitytimemovers.com. Comments When visitors leave [&hellip;]","og_url":"https:\/\/qualitytimemovers.com\/fr\/privacy-policy\/","og_site_name":"Quality Time Movers","article_publisher":"https:\/\/www.facebook.com\/QtimeMovers","article_modified_time":"2024-04-07T15:57:28+00:00","og_image":[{"width":2560,"height":1920,"url":"https:\/\/qualitytimemovers.com\/wp-content\/uploads\/2023\/06\/IMG_4082-scaled.jpg","type":"image\/jpeg"}],"twitter_card":"summary_large_image","twitter_misc":{"Estimation du temps de lecture":"4 minutes"},"schema":{"@context":"https:\/\/schema.org","@graph":[{"@type":"WebPage","@id":"https:\/\/qualitytimemovers.com\/privacy-policy\/","url":"https:\/\/qualitytimemovers.com\/privacy-policy\/","name":"Privacy Policy - Quality Time Movers","isPartOf":{"@id":"https:\/\/qualitytimemovers.com\/#website"},"datePublished":"2021-04-05T02:45:34+00:00","dateModified":"2024-04-07T15:57:28+00:00","breadcrumb":{"@id":"https:\/\/qualitytimemovers.com\/privacy-policy\/#breadcrumb"},"inLanguage":"fr-CA","potentialAction":[{"@type":"ReadAction","target":["https:\/\/qualitytimemovers.com\/privacy-policy\/"]}]},{"@type":"BreadcrumbList","@id":"https:\/\/qualitytimemovers.com\/privacy-policy\/#breadcrumb","itemListElement":[{"@type":"ListItem","position":1,"name":"Home","item":"https:\/\/qualitytimemovers.com\/"},{"@type":"ListItem","position":2,"name":"Privacy Policy"}]},{"@type":"WebSite","@id":"https:\/\/qualitytimemovers.com\/#website","url":"https:\/\/qualitytimemovers.com\/","name":"Quality Time Movers","description":"Best moving company in Montreal","publisher":{"@id":"https:\/\/qualitytimemovers.com\/#organization"},"alternateName":"Quality Time Moving Montreal","potentialAction":[{"@type":"SearchAction","target":{"@type":"EntryPoint","urlTemplate":"https:\/\/qualitytimemovers.com\/?s={search_term_string}"},"query-input":{"@type":"PropertyValueSpecification","valueRequired":true,"valueName":"search_term_string"}}],"inLanguage":"fr-CA"},{"@type":"Organization","@id":"https:\/\/qualitytimemovers.com\/#organization","name":"Quality Time Movers","alternateName":"Quality Time Movers in Montreal","url":"https:\/\/qualitytimemovers.com\/","logo":{"@type":"ImageObject","inLanguage":"fr-CA","@id":"https:\/\/qualitytimemovers.com\/#\/schema\/logo\/image\/","url":"https:\/\/qualitytimemovers.com\/wp-content\/uploads\/2021\/04\/LOGO-QTIME.jpg","contentUrl":"https:\/\/qualitytimemovers.com\/wp-content\/uploads\/2021\/04\/LOGO-QTIME.jpg","width":512,"height":511,"caption":"Quality Time Movers"},"image":{"@id":"https:\/\/qualitytimemovers.com\/#\/schema\/logo\/image\/"},"sameAs":["https:\/\/www.facebook.com\/QtimeMovers","https:\/\/www.instagram.com\/qtimemovers\/?hl=en"]}]}},"_links":{"self":[{"href":"https:\/\/qualitytimemovers.com\/fr\/wp-json\/wp\/v2\/pages\/3","targetHints":{"allow":["GET"]}}],"collection":[{"href":"https:\/\/qualitytimemovers.com\/fr\/wp-json\/wp\/v2\/pages"}],"about":[{"href":"https:\/\/qualitytimemovers.com\/fr\/wp-json\/wp\/v2\/types\/page"}],"author":[{"embeddable":true,"href":"https:\/\/qualitytimemovers.com\/fr\/wp-json\/wp\/v2\/users\/1"}],"replies":[{"embeddable":true,"href":"https:\/\/qualitytimemovers.com\/fr\/wp-json\/wp\/v2\/comments?post=3"}],"version-history":[{"count":6,"href":"https:\/\/qualitytimemovers.com\/fr\/wp-json\/wp\/v2\/pages\/3\/revisions"}],"predecessor-version":[{"id":3630,"href":"https:\/\/qualitytimemovers.com\/fr\/wp-json\/wp\/v2\/pages\/3\/revisions\/3630"}],"wp:attachment":[{"href":"https:\/\/qualitytimemovers.com\/fr\/wp-json\/wp\/v2\/media?parent=3"}],"curies":[{"name":"wp","href":"https:\/\/api.w.org\/{rel}","templated":true}]}}